{"id":1042,"date":"2021-08-25T16:46:21","date_gmt":"2021-08-25T06:46:21","guid":{"rendered":"http:\/\/localhost\/icsglobe\/etancheite-beton\/"},"modified":"2021-08-25T21:20:29","modified_gmt":"2021-08-25T11:20:29","slug":"etancheite-beton","status":"publish","type":"page","link":"https:\/\/icsglobe.net\/fr\/etancheite-beton\/","title":{"rendered":"\u00c9tanch\u00e9it\u00e9 B\u00e9ton"},"content":{"rendered":"","protected":false},"excerpt":{"rendered":"","protected":false},"author":1,"featured_media":1043,"parent":0,"menu_order":0,"comment_status":"closed","ping_status":"closed","template":"","meta":{"footnotes":""},"class_list":["post-1042","page","type-page","status-publish","has-post-thumbnail","hentry"],"_links":{"self":[{"href":"https:\/\/icsglobe.net\/fr\/wp-json\/wp\/v2\/pages\/1042","targetHints":{"allow":["GET"]}}],"collection":[{"href":"https:\/\/icsglobe.net\/fr\/wp-json\/wp\/v2\/pages"}],"about":[{"href":"https:\/\/icsglobe.net\/fr\/wp-json\/wp\/v2\/types\/page"}],"author":[{"embeddable":true,"href":"https:\/\/icsglobe.net\/fr\/wp-json\/wp\/v2\/users\/1"}],"replies":[{"embeddable":true,"href":"https:\/\/icsglobe.net\/fr\/wp-json\/wp\/v2\/comments?post=1042"}],"version-history":[{"count":1,"href":"https:\/\/icsglobe.net\/fr\/wp-json\/wp\/v2\/pages\/1042\/revisions"}],"predecessor-version":[{"id":1065,"href":"https:\/\/icsglobe.net\/fr\/wp-json\/wp\/v2\/pages\/1042\/revisions\/1065"}],"wp:featuredmedia":[{"embeddable":true,"href":"https:\/\/icsglobe.net\/fr\/wp-json\/wp\/v2\/media\/1043"}],"wp:attachment":[{"href":"https:\/\/icsglobe.net\/fr\/wp-json\/wp\/v2\/media?parent=1042"}],"curies":[{"name":"wp","href":"https:\/\/api.w.org\/{rel}","templated":true}]}}