{"id":1006,"date":"2021-08-25T15:46:44","date_gmt":"2021-08-25T05:46:44","guid":{"rendered":"http:\/\/localhost\/icsglobe\/sante-securite\/"},"modified":"2021-08-25T21:19:09","modified_gmt":"2021-08-25T11:19:09","slug":"sante-securite","status":"publish","type":"page","link":"https:\/\/icsglobe.net\/fr\/sante-securite\/","title":{"rendered":"Sant\u00e9 &#038; S\u00e9curit\u00e9"},"content":{"rendered":"","protected":false},"excerpt":{"rendered":"","protected":false},"author":1,"featured_media":1007,"parent":0,"menu_order":0,"comment_status":"closed","ping_status":"closed","template":"","meta":{"footnotes":""},"class_list":["post-1006","page","type-page","status-publish","has-post-thumbnail","hentry"],"_links":{"self":[{"href":"https:\/\/icsglobe.net\/fr\/wp-json\/wp\/v2\/pages\/1006","targetHints":{"allow":["GET"]}}],"collection":[{"href":"https:\/\/icsglobe.net\/fr\/wp-json\/wp\/v2\/pages"}],"about":[{"href":"https:\/\/icsglobe.net\/fr\/wp-json\/wp\/v2\/types\/page"}],"author":[{"embeddable":true,"href":"https:\/\/icsglobe.net\/fr\/wp-json\/wp\/v2\/users\/1"}],"replies":[{"embeddable":true,"href":"https:\/\/icsglobe.net\/fr\/wp-json\/wp\/v2\/comments?post=1006"}],"version-history":[{"count":1,"href":"https:\/\/icsglobe.net\/fr\/wp-json\/wp\/v2\/pages\/1006\/revisions"}],"predecessor-version":[{"id":1016,"href":"https:\/\/icsglobe.net\/fr\/wp-json\/wp\/v2\/pages\/1006\/revisions\/1016"}],"wp:featuredmedia":[{"embeddable":true,"href":"https:\/\/icsglobe.net\/fr\/wp-json\/wp\/v2\/media\/1007"}],"wp:attachment":[{"href":"https:\/\/icsglobe.net\/fr\/wp-json\/wp\/v2\/media?parent=1006"}],"curies":[{"name":"wp","href":"https:\/\/api.w.org\/{rel}","templated":true}]}}